{"id":38,"date":"2018-07-19T00:55:36","date_gmt":"2018-07-19T00:55:36","guid":{"rendered":"http:\/\/novalinhaconstru1.hospedagemdesites.ws\/valenovo\/?page_id=38"},"modified":"2019-08-29T13:03:16","modified_gmt":"2019-08-29T13:03:16","slug":"obra","status":"publish","type":"page","link":"https:\/\/novalinhaconstrutora.com.br\/vale\/obra\/","title":{"rendered":"Obra"},"content":{"rendered":"<div id=\"themify_builder_content-38\" data-postid=\"38\" class=\"themify_builder_content themify_builder_content-38 themify_builder\">\n\n    \t\n\t\t<!-- module_row -->\n\t\t\t<div  class=\"themify_builder_row module_row clearfix inner_brown repeat module_row_0 themify_builder_38_row module_row_38-0\">\n\t\t\t\t                                <div class=\"row_inner \" >\n\n                                    \n\t\t<div  class=\"tb-column col-full first module_column tb_38_column module_column_0 module_column_38-0-0\" >\n                                                                <div class=\"tb-column-inner\">\n                            \n\n<!-- module text -->\n<div  id=\"text-38-0-0-0\" class=\"module module-text text-38-0-0-0  repeat \">\n    \n    <p>OBRA<\/p><\/div>\n<!-- \/module text -->\n                        <\/div>\n                    \t\t<\/div>\n\t\t<!-- \/.tb-column -->\n\t\t\n\t\t\n                                <\/div>\n                                <!-- \/row_inner -->\n                        <\/div>\n                        <!-- \/module_row -->\n\t\t\t\n\t\t<!-- module_row -->\n\t\t\t<div  class=\"themify_builder_row module_row clearfix inner_white repeat module_row_1 themify_builder_38_row module_row_38-1\">\n\t\t\t\t                                <div class=\"row_inner \" >\n\n                                    \n\t\t<div  class=\"tb-column col4-2 first module_column tb_38_column module_column_0 module_column_38-1-0\" >\n                                                                <div class=\"tb-column-inner\">\n                            \n\n    <!-- module progress bar -->\n    <div  id=\"progressbar-38-1-0-0\" class=\"module module-progressbar progressbar-38-1-0-0 vale-progress \">\n\n        \n                            <div class=\"tb-progress-bar-wrap\">\n                                                        <div class=\"tb-progress-bar\">\n                        <i class=\"tb-progress-bar-label\">FUNDA\u00c7\u00c3O<\/i>\n                        <span class=\"tb-progress-bar-bg\" data-percent=\"100\" style=\"width: 0; background-color: #c18667\">\n                                                            <span class=\"tb-progress-tooltip\" id=\"progressbar-38-1-0-00-progress-tooltip\" data-to=\"100\" data-suffix=\"%\" data-decimals=\"0\"><\/span>\n                                                    <\/span>\n                    <\/div><!-- .tb-progress-bar -->\n                                                        <div class=\"tb-progress-bar\">\n                        <i class=\"tb-progress-bar-label\">ESTRUTURA<\/i>\n                        <span class=\"tb-progress-bar-bg\" data-percent=\"100\" style=\"width: 0; background-color: #c18667\">\n                                                            <span class=\"tb-progress-tooltip\" id=\"progressbar-38-1-0-01-progress-tooltip\" data-to=\"100\" data-suffix=\"%\" data-decimals=\"0\"><\/span>\n                                                    <\/span>\n                    <\/div><!-- .tb-progress-bar -->\n                                                        <div class=\"tb-progress-bar\">\n                        <i class=\"tb-progress-bar-label\">ALVENARIA<\/i>\n                        <span class=\"tb-progress-bar-bg\" data-percent=\"100\" style=\"width: 0; background-color: #c18667\">\n                                                            <span class=\"tb-progress-tooltip\" id=\"progressbar-38-1-0-02-progress-tooltip\" data-to=\"100\" data-suffix=\"%\" data-decimals=\"0\"><\/span>\n                                                    <\/span>\n                    <\/div><!-- .tb-progress-bar -->\n                                                        <div class=\"tb-progress-bar\">\n                        <i class=\"tb-progress-bar-label\">INSTALA\u00c7\u00d5ES EL\u00c9TRICAS<\/i>\n                        <span class=\"tb-progress-bar-bg\" data-percent=\"90\" style=\"width: 0; background-color: #c18667\">\n                                                            <span class=\"tb-progress-tooltip\" id=\"progressbar-38-1-0-03-progress-tooltip\" data-to=\"90\" data-suffix=\"%\" data-decimals=\"0\"><\/span>\n                                                    <\/span>\n                    <\/div><!-- .tb-progress-bar -->\n                                                        <div class=\"tb-progress-bar\">\n                        <i class=\"tb-progress-bar-label\">INSTALA\u00c7\u00d5ES H\u00cdDRAULICAS<\/i>\n                        <span class=\"tb-progress-bar-bg\" data-percent=\"95\" style=\"width: 0; background-color: #c18667\">\n                                                            <span class=\"tb-progress-tooltip\" id=\"progressbar-38-1-0-04-progress-tooltip\" data-to=\"95\" data-suffix=\"%\" data-decimals=\"0\"><\/span>\n                                                    <\/span>\n                    <\/div><!-- .tb-progress-bar -->\n                                                        <div class=\"tb-progress-bar\">\n                        <i class=\"tb-progress-bar-label\">ACABAMENTO<\/i>\n                        <span class=\"tb-progress-bar-bg\" data-percent=\"80\" style=\"width: 0; background-color: #c18667\">\n                                                            <span class=\"tb-progress-tooltip\" id=\"progressbar-38-1-0-05-progress-tooltip\" data-to=\"80\" data-suffix=\"%\" data-decimals=\"0\"><\/span>\n                                                    <\/span>\n                    <\/div><!-- .tb-progress-bar -->\n                            <\/div><!-- .tb-progress-bar-wrap -->\n                    <\/div>\n    <!-- \/module progress bar -->\n\n                        <\/div>\n                    \t\t<\/div>\n\t\t<!-- \/.tb-column -->\n\t\t\n\t\t\n\t\t<div  class=\"tb-column col4-2 last module_column tb_38_column module_column_1 module_column_38-1-1\" >\n                                                                <div class=\"tb-column-inner\">\n                            \n\n<!-- module text -->\n<div  id=\"text-38-1-1-0\" class=\"module module-text text-38-1-1-0  repeat \">\n    \n    <h6 style=\"text-align: center;\">Clique nas imagens abaixo para ver mais<\/h6><\/div>\n<!-- \/module text -->\n\n\n    <!-- module gallery -->\n    <div  id=\"gallery-38-1-1-1\" class=\"module module-gallery gallery-38-1-1-1 gallery gallery-columns-4  layout-lightboxed bordered  \">\n        \n            <dl class=\"gallery-item\" style=\"\">\n                    <dt class=\"gallery-icon\"><a href=\"https:\/\/novalinhaconstrutora.com.br\/vale\/wp-content\/uploads\/2018\/08\/planta\u00e3o-06-2018.jpeg\" title=\"planta\u00e3o-06-2018\">\n                        <img decoding=\"async\" loading=\"lazy\" width=\"1280\" height=\"960\" src=\"https:\/\/novalinhaconstrutora.com.br\/vale\/wp-content\/uploads\/2018\/08\/planta\u00e3o-06-2018.jpeg\" class=\" wp-post-image wp-image-290\" alt=\"planta\u00e3o-06-2018\" srcset=\"https:\/\/novalinhaconstrutora.com.br\/vale\/wp-content\/uploads\/2018\/08\/planta\u00e3o-06-2018.jpeg 1280w, https:\/\/novalinhaconstrutora.com.br\/vale\/wp-content\/uploads\/2018\/08\/planta\u00e3o-06-2018-300x225.jpeg 300w, https:\/\/novalinhaconstrutora.com.br\/vale\/wp-content\/uploads\/2018\/08\/planta\u00e3o-06-2018-768x576.jpeg 768w, https:\/\/novalinhaconstrutora.com.br\/vale\/wp-content\/uploads\/2018\/08\/planta\u00e3o-06-2018-1024x768.jpeg 1024w\" sizes=\"(max-width: 1280px) 100vw, 1280px\" \/>            <\/a><\/dt>\n                <dd>\n                                <\/dd>\n    <\/dl>\n\n    <dl class=\"gallery-item\" style=\"display: none;\">\n                    <dt class=\"gallery-icon\"><a href=\"https:\/\/novalinhaconstrutora.com.br\/vale\/wp-content\/uploads\/2019\/08\/obra-29-08-2019-1.jpg\" title=\"obra 29-08-2019-1\">\n                        960            <\/a><\/dt>\n                <dd>\n                                <\/dd>\n    <\/dl>\n\n    <dl class=\"gallery-item\" style=\"display: none;\">\n                    <dt class=\"gallery-icon\"><a href=\"https:\/\/novalinhaconstrutora.com.br\/vale\/wp-content\/uploads\/2019\/08\/obra-29-08-2019-2.jpg\" title=\"obra 29-08-2019-2\">\n                        960            <\/a><\/dt>\n                <dd>\n                                <\/dd>\n    <\/dl>\n\n    <dl class=\"gallery-item\" style=\"display: none;\">\n                    <dt class=\"gallery-icon\"><a href=\"https:\/\/novalinhaconstrutora.com.br\/vale\/wp-content\/uploads\/2019\/08\/obra-29-08-2019-3.jpg\" title=\"obra 29-08-2019-3\">\n                        960            <\/a><\/dt>\n                <dd>\n                                <\/dd>\n    <\/dl>\n\n    <dl class=\"gallery-item\" style=\"display: none;\">\n                    <dt class=\"gallery-icon\"><a href=\"https:\/\/novalinhaconstrutora.com.br\/vale\/wp-content\/uploads\/2019\/03\/WhatsApp-Image-2019-03-26-at-19.12.11.jpeg\" title=\"obra 26-03-2019\">\n                        960            <\/a><\/dt>\n                <dd>\n                                <\/dd>\n    <\/dl>\n\n    <dl class=\"gallery-item\" style=\"display: none;\">\n                    <dt class=\"gallery-icon\"><a href=\"https:\/\/novalinhaconstrutora.com.br\/vale\/wp-content\/uploads\/2019\/03\/WhatsApp-Image-2019-03-26-at-19.12.12.jpeg\" title=\"obra 26-03-2019\">\n                        960            <\/a><\/dt>\n                <dd>\n                                <\/dd>\n    <\/dl>\n\n    <dl class=\"gallery-item\" style=\"display: none;\">\n                    <dt class=\"gallery-icon\"><a href=\"https:\/\/novalinhaconstrutora.com.br\/vale\/wp-content\/uploads\/2019\/03\/WhatsApp-Image-2019-03-26-at-19.12.10.jpeg\" title=\"obra 26-03-2019\">\n                        960            <\/a><\/dt>\n                <dd>\n                                <\/dd>\n    <\/dl>\n\n    <dl class=\"gallery-item\" style=\"display: none;\">\n                    <dt class=\"gallery-icon\"><a href=\"https:\/\/novalinhaconstrutora.com.br\/vale\/wp-content\/uploads\/2019\/03\/WhatsApp-Image-2019-03-26-at-19.12.12-2.jpeg\" title=\"obra 26-03-2019\">\n                        960            <\/a><\/dt>\n                <dd>\n                                <\/dd>\n    <\/dl>\n\n    <dl class=\"gallery-item\" style=\"display: none;\">\n                    <dt class=\"gallery-icon\"><a href=\"https:\/\/novalinhaconstrutora.com.br\/vale\/wp-content\/uploads\/2019\/03\/WhatsApp-Image-2019-03-26-at-19.12.12-1.jpeg\" title=\"obra 26-03-2019\">\n                        960            <\/a><\/dt>\n                <dd>\n                                <\/dd>\n    <\/dl>\n\n    <dl class=\"gallery-item\" style=\"display: none;\">\n                    <dt class=\"gallery-icon\"><a href=\"https:\/\/novalinhaconstrutora.com.br\/vale\/wp-content\/uploads\/2018\/11\/WhatsApp-Image-2018-11-14-at-10.19.20-1.jpeg\" title=\"obra-14-11-2018\">\n                        768            <\/a><\/dt>\n                <dd>\n                                <\/dd>\n    <\/dl>\n\n    <dl class=\"gallery-item\" style=\"display: none;\">\n                    <dt class=\"gallery-icon\"><a href=\"https:\/\/novalinhaconstrutora.com.br\/vale\/wp-content\/uploads\/2018\/11\/WhatsApp-Image-2018-11-14-at-10.19.20.jpeg\" title=\"obra-14-11-2018\">\n                        768            <\/a><\/dt>\n                <dd>\n                                <\/dd>\n    <\/dl>\n\n    <dl class=\"gallery-item\" style=\"display: none;\">\n                    <dt class=\"gallery-icon\"><a href=\"https:\/\/novalinhaconstrutora.com.br\/vale\/wp-content\/uploads\/2018\/11\/WhatsApp-Image-2018-11-14-at-10.19.19-1.jpeg\" title=\"obra-14-11-2018\">\n                        768            <\/a><\/dt>\n                <dd>\n                                <\/dd>\n    <\/dl>\n\n    <dl class=\"gallery-item\" style=\"display: none;\">\n                    <dt class=\"gallery-icon\"><a href=\"https:\/\/novalinhaconstrutora.com.br\/vale\/wp-content\/uploads\/2018\/11\/WhatsApp-Image-2018-11-14-at-10.19.18.jpeg\" title=\"obra-14-11-2018\">\n                        768            <\/a><\/dt>\n                <dd>\n                                <\/dd>\n    <\/dl>\n\n    <dl class=\"gallery-item\" style=\"display: none;\">\n                    <dt class=\"gallery-icon\"><a href=\"https:\/\/novalinhaconstrutora.com.br\/vale\/wp-content\/uploads\/2018\/09\/obra-1-09-2018.jpeg\" title=\"obra-1-09-2018\">\n                        960            <\/a><\/dt>\n                <dd>\n                                <\/dd>\n    <\/dl>\n\n    <dl class=\"gallery-item\" style=\"display: none;\">\n                    <dt class=\"gallery-icon\"><a href=\"https:\/\/novalinhaconstrutora.com.br\/vale\/wp-content\/uploads\/2018\/09\/obra-2-09-2018.jpeg\" title=\"obra-2-09-2018\">\n                        960            <\/a><\/dt>\n                <dd>\n                                <\/dd>\n    <\/dl>\n\n    <dl class=\"gallery-item\" style=\"display: none;\">\n                    <dt class=\"gallery-icon\"><a href=\"https:\/\/novalinhaconstrutora.com.br\/vale\/wp-content\/uploads\/2018\/08\/obra-1-06-2018.jpeg\" title=\"obra-1-06-2018\">\n                        1280            <\/a><\/dt>\n                <dd>\n                                <\/dd>\n    <\/dl>\n\n    <dl class=\"gallery-item\" style=\"display: none;\">\n                    <dt class=\"gallery-icon\"><a href=\"https:\/\/novalinhaconstrutora.com.br\/vale\/wp-content\/uploads\/2018\/08\/obra-2-06-2018.jpeg\" title=\"obra-2-06-2018\">\n                        960            <\/a><\/dt>\n                <dd>\n                                <\/dd>\n    <\/dl>\n\n\n    <\/div>\n    <!-- \/module gallery -->\n\n                        <\/div>\n                    \t\t<\/div>\n\t\t<!-- \/.tb-column -->\n\t\t\n\t\t\n                                <\/div>\n                                <!-- \/row_inner -->\n                        <\/div>\n                        <!-- \/module_row -->\n\t\t<\/div>\n","protected":false},"excerpt":{"rendered":"<p>OBRA FUNDA\u00c7\u00c3O ESTRUTURA ALVENARIA INSTALA\u00c7\u00d5ES EL\u00c9TRICAS INSTALA\u00c7\u00d5ES H\u00cdDRAULICAS ACABAMENTO Clique nas imagens abaixo para ver mais<\/p>\n","protected":false},"author":1,"featured_media":0,"parent":0,"menu_order":0,"comment_status":"closed","ping_status":"closed","template":"","meta":{"_exactmetrics_skip_tracking":false,"_exactmetrics_sitenote_active":false,"_exactmetrics_sitenote_note":"","_exactmetrics_sitenote_category":0},"_links":{"self":[{"href":"https:\/\/novalinhaconstrutora.com.br\/vale\/wp-json\/wp\/v2\/pages\/38"}],"collection":[{"href":"https:\/\/novalinhaconstrutora.com.br\/vale\/wp-json\/wp\/v2\/pages"}],"about":[{"href":"https:\/\/novalinhaconstrutora.com.br\/vale\/wp-json\/wp\/v2\/types\/page"}],"author":[{"embeddable":true,"href":"https:\/\/novalinhaconstrutora.com.br\/vale\/wp-json\/wp\/v2\/users\/1"}],"replies":[{"embeddable":true,"href":"https:\/\/novalinhaconstrutora.com.br\/vale\/wp-json\/wp\/v2\/comments?post=38"}],"version-history":[{"count":42,"href":"https:\/\/novalinhaconstrutora.com.br\/vale\/wp-json\/wp\/v2\/pages\/38\/revisions"}],"predecessor-version":[{"id":715,"href":"https:\/\/novalinhaconstrutora.com.br\/vale\/wp-json\/wp\/v2\/pages\/38\/revisions\/715"}],"wp:attachment":[{"href":"https:\/\/novalinhaconstrutora.com.br\/vale\/wp-json\/wp\/v2\/media?parent=38"}],"curies":[{"name":"wp","href":"https:\/\/api.w.org\/{rel}","templated":true}]}}